{"id":109822,"date":"2023-03-14T11:08:54","date_gmt":"2023-03-14T09:08:54","guid":{"rendered":"https:\/\/josephvillageapartments.gr\/standard-familienapartment\/"},"modified":"2026-04-19T20:47:46","modified_gmt":"2026-04-19T17:47:46","slug":"standard-familienapartment","status":"publish","type":"page","link":"https:\/\/josephvillageapartments.gr\/de\/standard-familienapartment\/","title":{"rendered":"Standard-Familienapartment"},"content":{"rendered":"\n<div class=\"et_pb_section_0 et_pb_section et_section_regular et_block_section\"><div class=\"et_pb_row_0 et_pb_row et_block_row\"><div class=\"et_pb_column_0 et_pb_column et_pb_column_4_4 et-last-child et_block_column et_pb_css_mix_blend_mode_passthrough\"><div class=\"et_pb_text_0 et_pb_text et_pb_bg_layout_light et_animated et_pb_module et_block_module\"><div class=\"et_pb_text_inner\"><h5>Wohnung<\/h5>\n<h1 class=\"elementor-heading-title elementor-size-default\">Standardfamilie<\/h1>\n<\/div><\/div><div class=\"et_pb_button_module_wrapper et_pb_button_0_wrapper et_pb_button_alignment_right et_pb_module \">\n\t\t\t\t<a class=\"et_pb_button et_d4_element et_pb_button_0 et_hover_enabled et_pb_bg_layout_light et_block_module\" href=\"\">Interessenbekundungen<\/a>\n\t\t\t<\/div><\/div><\/div><\/div><div class=\"et_pb_section_1 et_pb_section et_section_specialty et_pb_gutters3 et_block_section\"><div class=\"et_pb_row et_block_row\"><div class=\"et_pb_column_1 et_pb_column et_pb_column_single et_pb_column_1_2 et_block_column et_pb_css_mix_blend_mode_passthrough\"><div class=\"et_pb_text_1 et_pb_text et_pb_bg_layout_light et_pb_module et_block_module\"><div class=\"et_pb_text_inner\"><div class=\"elementor-element elementor-element-315a51b5 elementor-widget elementor-widget-text-editor\" data-id=\"315a51b5\" data-element_type=\"widget\" data-widget_type=\"text-editor.default\">\n<div class=\"elementor-widget-container\">\n<p>Die Joseph Village Apartments befinden sich in Skala Fourkas. Es verf\u00fcgt \u00fcber einen Garten, kostenfreie Privatparkpl\u00e4tze und kostenfreies Wi-Fi.<\/p>\n<p>Die Apartments verf\u00fcgen \u00fcber eine Klimaanlage, eine voll ausgestattete K\u00fcche, einen Flachbild-TV, einen eigenen Safe und ein eigenes Badezimmer mit Dusche, Haartrockner, kostenlosen Pflegeprodukten und Handt\u00fcchern. Dort finden Sie auch eine Mikrowelle, einen K\u00fchlschrank, einen Toaster, einen Wasserkocher und eine Espressomaschine.<\/p>\n<p>Fahrrad- und Autovermietungen stehen f\u00fcr Besichtigungen und Erkundungen zur Verf\u00fcgung.<\/p>\n<\/div>\n<\/div>\n<div class=\"elementor-element elementor-element-2cc14b1b elementor-widget elementor-widget-html\" data-id=\"2cc14b1b\" data-element_type=\"widget\" data-widget_type=\"html.default\">\n<div class=\"elementor-widget-container\">\n<div class=\"mphb_sc_room-wrapper \">\n<div class=\"mphb-room-type post-96 mphb_room_type type-mphb_room_type status-publish has-post-thumbnail entry mphb-room-type-adults-4 mphb-room-type-children-2 \"><\/div>\n<\/div>\n<\/div>\n<\/div>\n<div class=\"elementor-element elementor-element-4a4d2d78 elementor-widget elementor-widget-heading\" data-id=\"4a4d2d78\" data-element_type=\"widget\" data-widget_type=\"heading.default\">\n<div class=\"elementor-widget-container\"><\/div>\n<\/div>\n<\/div><\/div><\/div><div class=\"et_pb_column_2 et_pb_column et_pb_specialty_column et_pb_column_1_2 et-last-child et_block_column et_pb_css_mix_blend_mode_passthrough\"><div class=\"et_pb_row_inner_0 et_pb_row_inner et_block_row\"><div class=\"et_pb_column_inner_0 et_pb_column_inner et_pb_column et_pb_column_4_4 et-last-child et_block_column et_pb_css_mix_blend_mode_passthrough\"><div class=\"et_pb_text_2 et_pb_text et_pb_bg_layout_light et_pb_module et_block_module\"><div class=\"et_pb_text_inner\"><h4>VORTEILE<\/h4>\n<\/div><\/div><\/div><\/div><div class=\"et_pb_row_inner_1 et_pb_row_inner et_block_row\"><div class=\"et_pb_column_inner_1 et_pb_column_inner et_pb_column et_pb_column_1_4 et_block_column et_pb_css_mix_blend_mode_passthrough\"><div class=\"dsm_icon_list_0 dsm_icon_list et_pb_module\"><ul class=\"dsm_icon_list_items  dsm_icon_list_direction_left\"><li class=\"dsm_icon_list_child_0 dsm_icon_list_child et_pb_module\"><span class=\"dsm_icon_list_wrapper\">\n\t\t\t     <span class=\"dsm_icon_list_image\">\n\t\t\t  <img decoding=\"async\" src=\"https:\/\/josephvillageapartments.gr\/wp-content\/uploads\/2023\/03\/amenity-ac.svg\" \/>\n\t\t\t<\/span>\n\t\t\t  <\/span>\n\t\t\t  <span class=\"dsm_icon_list_text\">Klimaanlage<\/span>\n\t\t\t<\/li><li class=\"dsm_icon_list_child_1 dsm_icon_list_child et_pb_module\"><span class=\"dsm_icon_list_wrapper\">\n\t\t\t     <span class=\"dsm_icon_list_image\">\n\t\t\t  <img decoding=\"async\" src=\"https:\/\/josephvillageapartments.gr\/wp-content\/uploads\/2023\/03\/amenity-tv.svg\" \/>\n\t\t\t<\/span>\n\t\t\t  <\/span>\n\t\t\t  <span class=\"dsm_icon_list_text\">Fernseher<\/span>\n\t\t\t<\/li><li class=\"dsm_icon_list_child_2 dsm_icon_list_child et_pb_module\"><span class=\"dsm_icon_list_wrapper\">\n\t\t\t     <span class=\"dsm_icon_list_image\">\n\t\t\t  <img decoding=\"async\" src=\"https:\/\/josephvillageapartments.gr\/wp-content\/uploads\/2023\/03\/amenity-wifi.svg\" \/>\n\t\t\t<\/span>\n\t\t\t  <\/span>\n\t\t\t  <span class=\"dsm_icon_list_text\"> Gratis Wifi<\/span>\n\t\t\t<\/li><li class=\"dsm_icon_list_child_3 dsm_icon_list_child et_pb_module\"><span class=\"dsm_icon_list_wrapper\">\n\t\t\t     <span class=\"dsm_icon_list_image\">\n\t\t\t  <img decoding=\"async\" src=\"https:\/\/josephvillageapartments.gr\/wp-content\/uploads\/2023\/03\/amenity-kitchen.svg\" \/>\n\t\t\t<\/span>\n\t\t\t  <\/span>\n\t\t\t  <span class=\"dsm_icon_list_text\">K\u00fcche<\/span>\n\t\t\t<\/li><li class=\"dsm_icon_list_child_4 dsm_icon_list_child et_pb_module\"><span class=\"dsm_icon_list_wrapper\">\n\t\t\t     <span class=\"dsm_icon_list_image\">\n\t\t\t  <img decoding=\"async\" src=\"https:\/\/josephvillageapartments.gr\/wp-content\/uploads\/2023\/03\/amenity-dining-area.svg\" \/>\n\t\t\t<\/span>\n\t\t\t  <\/span>\n\t\t\t  <span class=\"dsm_icon_list_text\">Esszimmer<\/span>\n\t\t\t<\/li><\/ul><\/div><\/div><div class=\"et_pb_column_inner_2 et_pb_column_inner et_pb_column et_pb_column_1_4 et-last-child et_block_column et_pb_css_mix_blend_mode_passthrough\"><div class=\"dsm_icon_list_1 dsm_icon_list et_pb_module\"><ul class=\"dsm_icon_list_items  dsm_icon_list_direction_left\"><li class=\"dsm_icon_list_child_5 dsm_icon_list_child et_pb_module\"><span class=\"dsm_icon_list_wrapper\">\n\t\t\t     <span class=\"dsm_icon_list_image\">\n\t\t\t  <img decoding=\"async\" src=\"https:\/\/josephvillageapartments.gr\/wp-content\/uploads\/2023\/03\/amenity-parking.svg\" \/>\n\t\t\t<\/span>\n\t\t\t  <\/span>\n\t\t\t  <span class=\"dsm_icon_list_text\">Privater Parkplatz<\/span>\n\t\t\t<\/li><li class=\"dsm_icon_list_child_6 dsm_icon_list_child et_pb_module\"><span class=\"dsm_icon_list_wrapper\">\n\t\t\t     <span class=\"dsm_icon_list_image\">\n\t\t\t  <img decoding=\"async\" src=\"https:\/\/josephvillageapartments.gr\/wp-content\/uploads\/2023\/03\/amenity-safe-box.svg\" \/>\n\t\t\t<\/span>\n\t\t\t  <\/span>\n\t\t\t  <span class=\"dsm_icon_list_text\">Sicher<\/span>\n\t\t\t<\/li><li class=\"dsm_icon_list_child_7 dsm_icon_list_child et_pb_module\"><span class=\"dsm_icon_list_wrapper\">\n\t\t\t     <span class=\"dsm_icon_list_image\">\n\t\t\t  <img decoding=\"async\" src=\"https:\/\/josephvillageapartments.gr\/wp-content\/uploads\/2023\/03\/amenity-family.svg\" \/>\n\t\t\t<\/span>\n\t\t\t  <\/span>\n\t\t\t  <span class=\"dsm_icon_list_text\">Geeignet f\u00fcr Familie<\/span>\n\t\t\t<\/li><li class=\"dsm_icon_list_child_8 dsm_icon_list_child et_pb_module\"><span class=\"dsm_icon_list_wrapper\">\n\t\t\t     <span class=\"dsm_icon_list_image\">\n\t\t\t  <img decoding=\"async\" src=\"https:\/\/josephvillageapartments.gr\/wp-content\/uploads\/2023\/03\/amenity-terrace.svg\" \/>\n\t\t\t<\/span>\n\t\t\t  <\/span>\n\t\t\t  <span class=\"dsm_icon_list_text\">Veranda\/Balkon<\/span>\n\t\t\t<\/li><\/ul><\/div><\/div><\/div><\/div><\/div><\/div><div class=\"et_pb_section_2 et_pb_section et_section_regular et_block_section\"><div class=\"et_pb_row_1 et_pb_row et_block_row\"><div class=\"et_pb_column_3 et_pb_column et_pb_column_4_4 et-last-child et_block_column et_pb_css_mix_blend_mode_passthrough\"><div class=\"dsm_image_carousel_0 dsm_image_carousel dsm_image_carousel_horizontal dsm_image_carousel_pagi_placement_ dsm_image_carousel_arrow_outside et_pb_module\"><div class=\"et_pb_module_inner\"><div class=\"swiper-container dsm_image_carousel_container \" data-effect=\"default\"\n\t\t\tdata-slider-effect-shadows=\"true\"\n\t\t\tdata-slider-effect-coverflow-rotate=\"30\"\n\t\t\tdata-slider-effect-coverflow-depth=\"\"\n\t\t\tdata-loop=\"true\"\n\t\t\tdata-slide-to-show=\"4\"\n\t\t\tdata-slide-to-show-tablet=\"2\"\n\t\t\tdata-slide-to-show-phone=\"1\"\n\t\t\tdata-slide-to-scroll=\"1\"\n\t\t\tdata-slide-to-scroll-tablet=\"1\"\n\t\t\tdata-slide-to-scroll-phone=\"1\"\n\t\t\tdata-space-between=\"15\"\n\t\t\tdata-space-between-tablet=\"\"\n\t\t\tdata-space-between-phone=\"\"\n\t\t\tdata-slide-row=\"1\"\n\t\t\tdata-centered-slides=\"true\"\n\t\t\tdata-speed=\"300\"\n\t\t\tdata-autoplay=\"true\"\n\t\t\tdata-autoplay-speed=\"3000\"\n\t\t\tdata-touch-move=\"true\"\n\t\t\tdata-grab=\"true\"\n\t\t\tdata-pause-on-hover=\"false\"\n\t\t\tdata-show-lightbox=\"true\"\n\t\t\tdata-lightbox-gallery=\"false\"\n\t\t\tdata-lightbox-caption=\"false\"\n\t\t\tdata-infinite-scrolling=\"false\"\n\t\t\tdata-slide-row-tablet=\"\"\n\t\t\tdata-slide-row-phone=\"\"\n\t\t\tdata-autoplay-viewport=80%\n\t\t\tdata-mousewheel=\"false\"\n\t\t\tdata-lazyload=\"true\"\n\t\t\tdata-type=\"carousel\"\n\t\t\tdata-slideshow-effect=\"default\"\n\t\t\tdata-slideshow-to-show=\"4\"\n\t\t\tdata-slideshow-to-show-tablet=\"4\"\n\t\t\tdata-slideshow-to-show-phone=\"\"\n\t\t\tdata-slider-orientation=\"horizontal\"\n\t\t\t\t\t\tdata-lightbox-title=\"false\"\n\n\t\t\t dir=\"ltr\">\n\t\t\t   <div class=\"swiper-wrapper\"><div class=\"swiper-slide dsm_image_carousel_item\"><a class=\"dsm_image_carousel_lightbox\" href=\"https:\/\/josephvillageapartments.gr\/wp-content\/uploads\/2020\/02\/image00057-scaled-1.jpeg\" data-mfp-src=\"https:\/\/josephvillageapartments.gr\/wp-content\/uploads\/2020\/02\/image00057-scaled-1.jpeg\"> <img decoding=\"async\"  https:\/\/josephvillageapartments.gr\/wp-content\/uploads\/2020\/02\/image00057-scaled-1.jpeg src=\"https:\/\/josephvillageapartments.gr\/wp-content\/uploads\/2020\/02\/image00057-scaled-1.jpeg\" title=\"image00057\"   data-dsm-image-description=\"\" \/>  <\/a><\/div><div class=\"swiper-slide dsm_image_carousel_item\"><a class=\"dsm_image_carousel_lightbox\" href=\"https:\/\/josephvillageapartments.gr\/wp-content\/uploads\/2020\/02\/image00058-scaled-1.jpeg\" data-mfp-src=\"https:\/\/josephvillageapartments.gr\/wp-content\/uploads\/2020\/02\/image00058-scaled-1.jpeg\"> <img decoding=\"async\"  https:\/\/josephvillageapartments.gr\/wp-content\/uploads\/2020\/02\/image00058-scaled-1.jpeg src=\"https:\/\/josephvillageapartments.gr\/wp-content\/uploads\/2020\/02\/image00058-scaled-1.jpeg\" title=\"image00058\"   data-dsm-image-description=\"\" \/>  <\/a><\/div><div class=\"swiper-slide dsm_image_carousel_item\"><a class=\"dsm_image_carousel_lightbox\" href=\"https:\/\/josephvillageapartments.gr\/wp-content\/uploads\/2020\/02\/image00038-scaled-1.jpeg\" data-mfp-src=\"https:\/\/josephvillageapartments.gr\/wp-content\/uploads\/2020\/02\/image00038-scaled-1.jpeg\"> <img decoding=\"async\"  https:\/\/josephvillageapartments.gr\/wp-content\/uploads\/2020\/02\/image00038-scaled-1.jpeg src=\"https:\/\/josephvillageapartments.gr\/wp-content\/uploads\/2020\/02\/image00038-scaled-1.jpeg\" title=\"image00038\"   data-dsm-image-description=\"\" \/>  <\/a><\/div><div class=\"swiper-slide dsm_image_carousel_item\"><a class=\"dsm_image_carousel_lightbox\" href=\"https:\/\/josephvillageapartments.gr\/wp-content\/uploads\/2020\/02\/image00037-scaled-1.jpeg\" data-mfp-src=\"https:\/\/josephvillageapartments.gr\/wp-content\/uploads\/2020\/02\/image00037-scaled-1.jpeg\"> <img decoding=\"async\"  https:\/\/josephvillageapartments.gr\/wp-content\/uploads\/2020\/02\/image00037-scaled-1.jpeg src=\"https:\/\/josephvillageapartments.gr\/wp-content\/uploads\/2020\/02\/image00037-scaled-1.jpeg\" title=\"image00037\"   data-dsm-image-description=\"\" \/>  <\/a><\/div><div class=\"swiper-slide dsm_image_carousel_item\"><a class=\"dsm_image_carousel_lightbox\" href=\"https:\/\/josephvillageapartments.gr\/wp-content\/uploads\/2020\/02\/image00036-scaled-1.jpeg\" data-mfp-src=\"https:\/\/josephvillageapartments.gr\/wp-content\/uploads\/2020\/02\/image00036-scaled-1.jpeg\"> <img decoding=\"async\"  https:\/\/josephvillageapartments.gr\/wp-content\/uploads\/2020\/02\/image00036-scaled-1.jpeg src=\"https:\/\/josephvillageapartments.gr\/wp-content\/uploads\/2020\/02\/image00036-scaled-1.jpeg\" title=\"image00036\"   data-dsm-image-description=\"\" \/>  <\/a><\/div><div class=\"swiper-slide dsm_image_carousel_item\"><a class=\"dsm_image_carousel_lightbox\" href=\"https:\/\/josephvillageapartments.gr\/wp-content\/uploads\/2020\/02\/image00035-scaled-1.jpeg\" data-mfp-src=\"https:\/\/josephvillageapartments.gr\/wp-content\/uploads\/2020\/02\/image00035-scaled-1.jpeg\"> <img decoding=\"async\"  https:\/\/josephvillageapartments.gr\/wp-content\/uploads\/2020\/02\/image00035-scaled-1.jpeg src=\"https:\/\/josephvillageapartments.gr\/wp-content\/uploads\/2020\/02\/image00035-scaled-1.jpeg\" title=\"image00035\"   data-dsm-image-description=\"\" \/>  <\/a><\/div><div class=\"swiper-slide dsm_image_carousel_item\"><a class=\"dsm_image_carousel_lightbox\" href=\"https:\/\/josephvillageapartments.gr\/wp-content\/uploads\/2020\/02\/image00033-scaled-1.jpeg\" data-mfp-src=\"https:\/\/josephvillageapartments.gr\/wp-content\/uploads\/2020\/02\/image00033-scaled-1.jpeg\"> <img decoding=\"async\"  https:\/\/josephvillageapartments.gr\/wp-content\/uploads\/2020\/02\/image00033-scaled-1.jpeg src=\"https:\/\/josephvillageapartments.gr\/wp-content\/uploads\/2020\/02\/image00033-scaled-1.jpeg\" title=\"image00033\"   data-dsm-image-description=\"\" \/>  <\/a><\/div><div class=\"swiper-slide dsm_image_carousel_item\"><a class=\"dsm_image_carousel_lightbox\" href=\"https:\/\/josephvillageapartments.gr\/wp-content\/uploads\/2020\/02\/image00013-scaled-1.jpeg\" data-mfp-src=\"https:\/\/josephvillageapartments.gr\/wp-content\/uploads\/2020\/02\/image00013-scaled-1.jpeg\"> <img decoding=\"async\"  https:\/\/josephvillageapartments.gr\/wp-content\/uploads\/2020\/02\/image00013-scaled-1.jpeg src=\"https:\/\/josephvillageapartments.gr\/wp-content\/uploads\/2020\/02\/image00013-scaled-1.jpeg\" title=\"image00013\"   data-dsm-image-description=\"\" \/>  <\/a><\/div><div class=\"swiper-slide dsm_image_carousel_item\"><a class=\"dsm_image_carousel_lightbox\" href=\"https:\/\/josephvillageapartments.gr\/wp-content\/uploads\/2020\/02\/image00003-scaled-1.jpeg\" data-mfp-src=\"https:\/\/josephvillageapartments.gr\/wp-content\/uploads\/2020\/02\/image00003-scaled-1.jpeg\"> <img decoding=\"async\"  https:\/\/josephvillageapartments.gr\/wp-content\/uploads\/2020\/02\/image00003-scaled-1.jpeg src=\"https:\/\/josephvillageapartments.gr\/wp-content\/uploads\/2020\/02\/image00003-scaled-1.jpeg\" title=\"image00003\"   data-dsm-image-description=\"\" \/>  <\/a><\/div><div class=\"swiper-slide dsm_image_carousel_item\"><a class=\"dsm_image_carousel_lightbox\" href=\"https:\/\/josephvillageapartments.gr\/wp-content\/uploads\/2020\/02\/standard-family-0Y1A6997-1.jpg\" data-mfp-src=\"https:\/\/josephvillageapartments.gr\/wp-content\/uploads\/2020\/02\/standard-family-0Y1A6997-1.jpg\"> <img decoding=\"async\"  https:\/\/josephvillageapartments.gr\/wp-content\/uploads\/2020\/02\/standard-family-0Y1A6997-1.jpg src=\"https:\/\/josephvillageapartments.gr\/wp-content\/uploads\/2020\/02\/standard-family-0Y1A6997-1.jpg\" title=\"standard-family-0Y1A6997\"   data-dsm-image-description=\"\" \/>  <\/a><\/div><\/div>\n\t\t\t<\/div>\n\t\t\t<div class=\"swiper-button-prev swiper-arrow-button\"><\/div><div class=\"swiper-button-next swiper-arrow-button\"><\/div>\n\t\t\t<div class=\"swiper-pagination\"><\/div>\n\t\t\t\n\t\t\t<\/div><\/div><\/div><\/div><\/div>\n","protected":false},"excerpt":{"rendered":"","protected":false},"author":1,"featured_media":0,"parent":0,"menu_order":0,"comment_status":"closed","ping_status":"closed","template":"","meta":{"_et_pb_use_builder":"on","_et_pb_old_content":"","_et_gb_content_width":"","footnotes":""},"class_list":["post-109822","page","type-page","status-publish","hentry"],"dsm_author":{"name":"admin","avatar_url":"https:\/\/secure.gravatar.com\/avatar\/702dd64d9577b8ecbef9c823c0480446b2c1533dffbf78c1cd5b29e6ac1b8df9?s=96&d=mm&r=g","archive_link":"https:\/\/josephvillageapartments.gr\/de\/author\/analysissamaras_mcea7w08\/","biodata":""},"dsm_categories":[],"dsm_attachment_categories":[],"dsm_featured_image":null,"_links":{"self":[{"href":"https:\/\/josephvillageapartments.gr\/de\/wp-json\/wp\/v2\/pages\/109822","targetHints":{"allow":["GET"]}}],"collection":[{"href":"https:\/\/josephvillageapartments.gr\/de\/wp-json\/wp\/v2\/pages"}],"about":[{"href":"https:\/\/josephvillageapartments.gr\/de\/wp-json\/wp\/v2\/types\/page"}],"author":[{"embeddable":true,"href":"https:\/\/josephvillageapartments.gr\/de\/wp-json\/wp\/v2\/users\/1"}],"replies":[{"embeddable":true,"href":"https:\/\/josephvillageapartments.gr\/de\/wp-json\/wp\/v2\/comments?post=109822"}],"version-history":[{"count":5,"href":"https:\/\/josephvillageapartments.gr\/de\/wp-json\/wp\/v2\/pages\/109822\/revisions"}],"predecessor-version":[{"id":110160,"href":"https:\/\/josephvillageapartments.gr\/de\/wp-json\/wp\/v2\/pages\/109822\/revisions\/110160"}],"wp:attachment":[{"href":"https:\/\/josephvillageapartments.gr\/de\/wp-json\/wp\/v2\/media?parent=109822"}],"curies":[{"name":"wp","href":"https:\/\/api.w.org\/{rel}","templated":true}]}}