{"id":109816,"date":"2023-02-17T11:13:28","date_gmt":"2023-02-17T09:13:28","guid":{"rendered":"https:\/\/josephvillageapartments.gr\/datenschutz-bestimmungen\/"},"modified":"2026-04-19T20:46:27","modified_gmt":"2026-04-19T17:46:27","slug":"datenschutz-bestimmungen","status":"publish","type":"page","link":"https:\/\/josephvillageapartments.gr\/de\/datenschutz-bestimmungen\/","title":{"rendered":"Datenschutz-Bestimmungen"},"content":{"rendered":"\n<div class=\"et_pb_section_0 et_pb_section et_section_regular et_block_section\"><div class=\"et_pb_row_0 et_pb_row et_block_row\"><div class=\"et_pb_column_0 et_pb_column et_pb_column_4_4 et-last-child et_block_column et_pb_css_mix_blend_mode_passthrough\"><div class=\"et_pb_text_0 et_pb_text et_pb_bg_layout_light et_pb_module et_block_module\"><div class=\"et_pb_text_inner\"><header class=\"entry-header\">\n<h1 class=\"entry-title\">Datenschutz-Bestimmungen<\/h1>\n<\/header>\n<div class=\"entry-content\">\n<p>Joseph Village Apartments (\u201eJoseph Village Apartments\u201c, \u201ewir\u201c, \u201euns\u201c oder \u201eunser\u201c) betreibt die Website j<a href=\"https:\/\/josephvillageapartments.gr\/de\/\">osephvillageapartments.gr<\/a> und kann auch andere Websites betreiben. Diese Seite informiert Sie \u00fcber unsere Richtlinien bez\u00fcglich der Erfassung, Verwendung und Offenlegung personenbezogener Daten, die wir von Benutzern dieser Website erhalten. Es ist unsere Politik, Ihre Privatsph\u00e4re in Bezug auf alle Informationen zu respektieren, die wir m\u00f6glicherweise w\u00e4hrend des Betriebs unserer Websites sammeln.<\/p>\n<p>Wir verwenden Ihre personenbezogenen Daten ausschlie\u00dflich zur Bereitstellung und Verbesserung der Website. Durch die Nutzung unserer Website stimmen Sie der Erfassung und Verwendung von Informationen gem\u00e4\u00df dieser Datenschutzrichtlinie zu. Die in dieser Datenschutzrichtlinie verwendeten Begriffe haben die gleiche Bedeutung wie in unseren Nutzungsbedingungen, sofern in dieser Datenschutzrichtlinie nicht anders definiert.<\/p>\n<p>Die Erhebung, Verarbeitung und Verwaltung personenbezogener Daten unterliegt den Bestimmungen dieser Datenschutzrichtlinie sowie den einschl\u00e4gigen Bestimmungen der griechischen Gesetzgebung und des EU-Rechts zum Schutz des Einzelnen und zum Schutz personenbezogener Daten. Genauer gesagt sind dies die Datenschutz-Grundverordnung (DSGVO) 2016\/679 und das Gesetz 2472\/1997. Die oben genannten Gesetze sind auf der offiziellen Website der griechischen Datenschutzbeh\u00f6rde (<a href=\"http:\/\/www.dpa.gr\/\" target=\"_blank\" rel=\"noopener\">www.dpa.gr<\/a>) verf\u00fcgbar und k\u00f6nnen aktualisiert werden.<\/p>\n<h3>Website-Besucher \/ Protokolldaten<\/h3>\n<p>Wie die meisten Website-Betreiber erfassen wir nicht pers\u00f6nlich identifizierbare Informationen wie Ihren Browser, Spracheinstellung, verweisende Website, die von Ihnen besuchten Website-Seiten, Uhrzeit und Datum Ihres Besuchs, die auf diesen Seiten verbrachte Zeit und andere Statistiken. Unser Ziel beim Sammeln nicht personenbezogener Daten ist es, besser zu verstehen, wie Besucher diese Website nutzen. Wir k\u00f6nnen regelm\u00e4\u00dfig Statistiken zu nicht personenbezogenen Daten ver\u00f6ffentlichen, z. ein Bericht \u00fcber Trends bei der Nutzung unserer Website;<\/p>\n<p>Wir erfassen auch potenziell pers\u00f6nlich identifizierbare Informationen wie IP-Adressen f\u00fcr eingeloggte Benutzer und f\u00fcr Benutzer, die Kommentare auf unseren Blogs \/ Websites hinterlassen. Wir geben die protokollierten IP-Adressen von Benutzern und Kommentatoren strikt und nur unter den gleichen Umst\u00e4nden weiter, unter denen wir personenbezogene Daten wie im folgenden Abschnitt beschrieben verwenden und offenlegen, mit der Ausnahme, dass die IP-Adressen der Benutzer, die E-Mail-Adressen der Kommentatoren und die E-Mail-Adressen der Kommentatoren f\u00fcr Administratoren von sichtbar sind die Seite und der Server.<\/p>\n<h3>Erhebung personenbezogener Daten<\/h3>\n<p>Einige Besucher unserer Websites entscheiden sich f\u00fcr eine Interaktion, bei der wir pers\u00f6nlich identifizierbare Informationen sammeln m\u00fcssen. Die Menge und Art der Informationen, die wir sammeln, h\u00e4ngt von der Art der Interaktion ab. Zum Beispiel bitten wir Besucher, die sich registrieren, einen Benutzernamen und eine E-Mail-Adresse einzugeben. Dar\u00fcber hinaus werden diejenigen, die Transaktionen mit unserem Unternehmen t\u00e4tigen, wie z. B. Eink\u00e4ufe im Online-Shop, gebeten, zus\u00e4tzliche Informationen bereitzustellen, einschlie\u00dflich gegebenenfalls der pers\u00f6nlichen und finanziellen Daten, die f\u00fcr die Abwicklung dieser Transaktionen erforderlich sind. In jedem Fall sammeln wir Informationen nur in dem Umfang, der notwendig oder angemessen ist, um den Zweck der Interaktion des Besuchers mit unserem Unternehmen zu erf\u00fcllen. Wir geben keine personenbezogenen Daten weiter, au\u00dfer wie unten beschrieben. Schlie\u00dflich k\u00f6nnen sich Besucher jederzeit weigern, personenbezogene Daten anzugeben, obwohl dies die vollst\u00e4ndige und st\u00f6rungsfreie Funktionalit\u00e4t der Website einschr\u00e4nken kann.<\/p>\n<h3>Schutz bestimmter personenbezogener Daten<\/h3>\n<p>Wir geben potenziell pers\u00f6nlich identifizierbare Informationen und pers\u00f6nlich identifizierbare Informationen nur an bestimmte unserer Mitarbeiter, Auftragnehmer und Partnerorganisationen weiter (i) diese Informationen kennen m\u00fcssen, um sie in unserem Namen zu verarbeiten oder auf unseren Websites verf\u00fcgbare Dienste bereitzustellen und (ii) die zugestimmt haben, sie nicht an andere weiterzugeben. Diese Website verwendet insbesondere den Dienst \u201eGoogle Analytics\u201c ausschlie\u00dflich zum Zwecke der Beobachtung des Verhaltens der Benutzer unserer Website, um unsere Dienste weiter zu verbessern. Durch die Nutzung unserer Website stimmen Sie zu, dass Ihre Daten zur Verarbeitung an Google \u00fcbertragen werden. Erfahren Sie mehr \u00fcber die Datenschutzpraktiken von Google: <a href=\"https:\/\/www.google.com\/analytics\/terms\/us.html\" target=\"_blank\" rel=\"noopener\">https:\/\/www.google.com\/analytics\/terms\/us.html<\/a> . In jedem Fall k\u00f6nnen Ihre Daten auf Wunsch vollst\u00e4ndig gel\u00f6scht werden. Einige dieser Mitarbeiter, Auftragnehmer und Partnerorganisationen k\u00f6nnen sich au\u00dferhalb Ihres Heimatlandes befinden. Durch die Nutzung unserer Website stimmen Sie der \u00dcbertragung dieser Informationen an sie zu. Wir werden potenziell pers\u00f6nlich identifizierbare Informationen und pers\u00f6nlich identifizierbare Informationen an niemanden vermieten oder verkaufen. Mit Ausnahme unserer oben beschriebenen Mitarbeiter, Auftragnehmer und Partnerorganisationen geben wir potenziell pers\u00f6nlich identifizierbare Informationen und pers\u00f6nlich identifizierbare Informationen nur auf Vorladung, Gerichtsbeschluss oder andere beh\u00f6rdliche Aufforderung hin weiter oder wenn wir nach Treu und Glauben davon ausgehen, dass die Offenlegung vern\u00fcnftigerweise erforderlich ist das Eigentum oder die Rechte unseres Unternehmens, Dritter oder der \u00d6ffentlichkeit zu sch\u00fctzen.<\/p>\n<p>Wenn Sie ein registrierter Benutzer unserer Website sind und uns Ihre E-Mail-Adresse mitgeteilt haben, k\u00f6nnen wir Ihnen E-Mails senden, um Sie \u00fcber neue Funktionen zu informieren, Sie um Feedback zu unseren Diensten zu bitten oder Sie einfach \u00fcber Neuigkeiten und Produkte des Unternehmens zu informieren. Wenn Sie uns eine Anfrage zukommen lassen (zum Beispiel per E-Mail oder \u00fcber ein Kontaktformular), behalten wir uns vor, diese zu ver\u00f6ffentlichen, um Ihre Anfrage zu kl\u00e4ren, zu beantworten oder andere Nutzer zu unterst\u00fctzen. <\/p>\n<p>Wir ergreifen alle Ma\u00dfnahmen, die vern\u00fcnftigerweise erforderlich sind, um potenziell personenbezogene Daten und personenbezogene Daten vor unbefugtem Zugriff, Verwendung, Umwandlung oder Zerst\u00f6rung zu sch\u00fctzen.<\/p>\n<h3>Cookies<\/h3>\n<p>Ein \u201eCookie\u201c ist eine Informationsdatei, die eine Website auf dem Computer eines Besuchers speichert und die der Browser des Besuchers bei jeder R\u00fcckkehr des Besuchers an die Website \u00fcbermittelt. Unsere Website verwendet diese Cookies, um Informationen zu sammeln und unsere Dienste zu verbessern. Unsere Website verwendet insbesondere \u201eCookies\u201c, um Besucher zu lokalisieren und zu identifizieren, die Nutzung unserer Website zu analysieren und die Zugriffspr\u00e4ferenzen des Besuchers auf unserer Website zu speichern. Besucher, die keine Cookies auf ihren Computern platzieren m\u00f6chten, m\u00fcssen ihren Browser so einstellen, dass er Cookies ablehnt, bevor sie unsere Website nutzen, mit dem Nachteil, dass einige Funktionen der Website ohne die erforderlichen \u201eCookies\u201c m\u00f6glicherweise nicht richtig funktionieren.<\/p>\n<h3>Sicherheit<\/h3>\n<p>Die Sicherheit Ihrer personenbezogenen Daten ist uns wichtig und wir wissen Ihr Vertrauen zu sch\u00e4tzen, wenn Sie uns Ihre personenbezogenen Daten zur Verf\u00fcgung stellen. Denken Sie jedoch daran, dass keine Methode zur \u00dcbertragung von Informationen \u00fcber das Internet oder zur Speicherung von Daten zu 100 % sicher und zuverl\u00e4ssig ist. Obwohl wir versuchen, sie mit den bestm\u00f6glichen Mitteln zu sch\u00fctzen, k\u00f6nnen wir ihre absolute Sicherheit nicht garantieren.<\/p>\n<h3>Links zu anderen Websites<\/h3>\n<p>Unsere Website kann Links zu anderen Websites enthalten. Wenn Sie auf einen Link zu einer anderen Website klicken, werden Sie zu dieser Website weitergeleitet. Bitte beachten Sie, dass diese Websites nicht unser Eigentum sind oder von uns kontrolliert werden, daher empfehlen wir Ihnen, die Datenschutzrichtlinie dieser Websites zu \u00fcberpr\u00fcfen. Wir haben keine Kontrolle \u00fcber und \u00fcbernehmen keine Verantwortung f\u00fcr die Inhalte, Datenschutzrichtlinien oder Praktiken von Websites au\u00dferhalb von uns.<\/p>\n<h3>Schutz der personenbezogenen Daten von Minderj\u00e4hrigen<\/h3>\n<p>Unsere Website richtet sich nicht an Personen unter 18 Jahren. Wir sammeln nicht wissentlich pers\u00f6nliche Daten von Personen unter 18 Jahren. Sollten wir feststellen, dass eine Person unter 18 Jahren uns personenbezogene Daten zur Verf\u00fcgung gestellt hat, verpflichten wir uns, diese unverz\u00fcglich von unseren Servern und Datenbanken zu l\u00f6schen. Wenn Sie ein Elternteil oder Erziehungsberechtigter sind und wissen, dass Ihr Kind uns personenbezogene Daten zur Verf\u00fcgung gestellt hat, nehmen Sie bitte Kontakt mit uns auf, damit wir die erforderlichen Ma\u00dfnahmen ergreifen k\u00f6nnen.<\/p>\n<h3>\u00dcbertragung von Unternehmen<\/h3>\n<p>Wenn unser Unternehmen und im Wesentlichen alle seine Verm\u00f6genswerte von einer dritten Partei erworben werden, geh\u00f6ren die Benutzerdaten zu den Verm\u00f6genswerten, die \u00fcbertragen werden. Sie erkennen an, dass diese \u00dcbertragungen stattfinden k\u00f6nnen und dass jeder K\u00e4ufer unseres Unternehmens Ihre personenbezogenen Daten weiterhin wie in dieser Richtlinie beschrieben verwenden kann.<\/p>\n<h3>Inserate<\/h3>\n<p>Die auf unseren Websites angezeigte Werbung kann den Nutzern von Werbepartnern gezeigt werden, die \"Cookies\" installieren k\u00f6nnen. Diese Cookies erm\u00f6glichen es dem Ad-Server, Ihren Computer jedes Mal zu erkennen, wenn er Ihnen online eine Anzeige sendet, um Informationen \u00fcber Sie oder andere Benutzer zu sammeln, die Ihren Computer verwenden. Diese Informationen erm\u00f6glichen es den Werbenetzwerken unter anderem, gezielte Werbung anzubieten, von der sie glauben, dass sie f\u00fcr Sie von gr\u00f6\u00dftem Interesse sein wird. Diese Datenschutzrichtlinie gilt nicht f\u00fcr die Verwendung von \"Cookies\" durch den Inserenten. Des Weiteren kann unser Unternehmen den Dienst \u201eGoogle Ads\u201c f\u00fcr Werbe- und Remarketing-Zwecke einsetzen, also auf anderen Websites bei Nutzern, die unsere Website zuvor besucht haben, f\u00fcr unser Unternehmen werben. Sie k\u00f6nnen jede Remarketing-Kampagne jederzeit \u00fcber die Seite \"Google-Anzeigenvorgaben\" abbestellen. Durch die Nutzung unserer Website erkl\u00e4ren Sie sich damit einverstanden, dass Ihre Daten zur Verarbeitung an Google \u00fcbertragen werden. Erfahren Sie mehr \u00fcber die Datenschutzpraktiken von Google: <a href=\"https:\/\/policies.google.com\/technologies\/partner-sites\" target=\"_blank\" rel=\"noopener\">https:\/\/policies.google.com\/technologies\/partner-sites.<\/a><\/p>\n<h3>\u00c4nderungen der Datenschutzrichtlinie<\/h3>\n<p>Obwohl die meisten \u00c4nderungen wahrscheinlich geringf\u00fcgig sind, k\u00f6nnen wir unsere Datenschutzrichtlinie von Zeit zu Zeit und nach unserem alleinigen Ermessen \u00e4ndern. Ihre fortgesetzte Nutzung der Website nach Ver\u00f6ffentlichung von \u00c4nderungen an der Datenschutzrichtlinie auf dieser Seite stellt Ihre Zustimmung zu den \u00c4nderungen und Ihre ausdr\u00fcckliche Zustimmung dar, an die ge\u00e4nderte Datenschutzrichtlinie gebunden zu sein. Die letzte \u00c4nderung erfolgte am 1. April 2020, um der Datenschutz-Grundverordnung (DSGVO) 2016\/679 der Europ\u00e4ischen Union vollst\u00e4ndig zu entsprechen. Wir empfehlen unseren Besuchern, diese Seite regelm\u00e4\u00dfig auf \u00c4nderungen unserer Datenschutzrichtlinien zu \u00fcberpr\u00fcfen. Wenn Sie ein Konto auf unserer Website haben, k\u00f6nnen Sie auch eine Benachrichtigung erhalten, die Sie \u00fcber diese \u00c4nderungen informiert. Wenn Sie diese Website nach einer \u00c4nderung dieser Datenschutzrichtlinie weiterhin nutzen, erkl\u00e4ren Sie sich mit dieser \u00c4nderung einverstanden.<\/p>\n<h3>Kontaktiere uns<\/h3>\n<p>Wenn Sie Fragen haben, Zugang zu Ihren pers\u00f6nlichen Daten w\u00fcnschen oder deren L\u00f6schung beantragen m\u00f6chten, k\u00f6nnen Sie uns unter <a href=\"mailto:josephvillageapartments@gmail.com\">josephvillageapartments@gmail.com<\/a> kontaktieren.<\/p>\n<\/div>\n<\/div><\/div><\/div><\/div><\/div>\n","protected":false},"excerpt":{"rendered":"","protected":false},"author":1,"featured_media":0,"parent":0,"menu_order":0,"comment_status":"closed","ping_status":"closed","template":"","meta":{"footnotes":""},"class_list":["post-109816","page","type-page","status-publish","hentry"],"dsm_author":{"name":"admin","avatar_url":"https:\/\/secure.gravatar.com\/avatar\/702dd64d9577b8ecbef9c823c0480446b2c1533dffbf78c1cd5b29e6ac1b8df9?s=96&d=mm&r=g","archive_link":"https:\/\/josephvillageapartments.gr\/de\/author\/analysissamaras_mcea7w08\/","biodata":""},"dsm_categories":[],"dsm_attachment_categories":[],"dsm_featured_image":null,"_links":{"self":[{"href":"https:\/\/josephvillageapartments.gr\/de\/wp-json\/wp\/v2\/pages\/109816","targetHints":{"allow":["GET"]}}],"collection":[{"href":"https:\/\/josephvillageapartments.gr\/de\/wp-json\/wp\/v2\/pages"}],"about":[{"href":"https:\/\/josephvillageapartments.gr\/de\/wp-json\/wp\/v2\/types\/page"}],"author":[{"embeddable":true,"href":"https:\/\/josephvillageapartments.gr\/de\/wp-json\/wp\/v2\/users\/1"}],"replies":[{"embeddable":true,"href":"https:\/\/josephvillageapartments.gr\/de\/wp-json\/wp\/v2\/comments?post=109816"}],"version-history":[{"count":3,"href":"https:\/\/josephvillageapartments.gr\/de\/wp-json\/wp\/v2\/pages\/109816\/revisions"}],"predecessor-version":[{"id":110123,"href":"https:\/\/josephvillageapartments.gr\/de\/wp-json\/wp\/v2\/pages\/109816\/revisions\/110123"}],"wp:attachment":[{"href":"https:\/\/josephvillageapartments.gr\/de\/wp-json\/wp\/v2\/media?parent=109816"}],"curies":[{"name":"wp","href":"https:\/\/api.w.org\/{rel}","templated":true}]}}